{"id":1032,"date":"2024-05-16T23:46:46","date_gmt":"2024-05-17T02:46:46","guid":{"rendered":"https:\/\/holdjersshome.com\/product\/conjunto-de-4-6-pecas-de-jogos-americanos-redondos\/"},"modified":"2024-06-17T16:30:23","modified_gmt":"2024-06-17T20:30:23","slug":"conjunto-de-4-6-pecas-de-jogos-americanos-redondos","status":"publish","type":"product","link":"https:\/\/fabricadanet.com.br\/chateau\/product\/conjunto-de-4-6-pecas-de-jogos-americanos-redondos\/","title":{"rendered":"Set of 4\/6 Pieces of Round Placemats"},"content":{"rendered":"<p>**Especifica\u00e7\u00f5es:**<\/p>\n<p>&#8211; **Marca:** RONLOOL<br \/>\n&#8211; **Estilo:** Europeu<br \/>\n&#8211; **Origem:** China Continental<br \/>\n&#8211; **CN:** Guangdong<br \/>\n&#8211; **Material:** Pl\u00e1stico<br \/>\n&#8211; **Formato:** Irregular<br \/>\n&#8211; **Tipo de Decora\u00e7\u00e3o de Mesa e Acess\u00f3rios:** Jogos Americanos e Almofadas<br \/>\n&#8211; **Uso 1:** Jogos Americanos<br \/>\n&#8211; **Uso 2:** Tapete de Refei\u00e7\u00e3o Isolado<br \/>\n&#8211; **Uso 3:** Decora\u00e7\u00e3o de Casa<br \/>\n&#8211; **Op\u00e7\u00e3o:** Sim<\/p>\n<p>&nbsp;<\/p>\n<p>**Conjunto de 4\/6 Pe\u00e7as de Jogos Americanos Redondos**<\/p>\n<p>&#8211; **Material:** PVC imperme\u00e1vel e \u00e0 prova de \u00f3leo<br \/>\n&#8211; **S\u00e9rie:** Bronzing<br \/>\n&#8211; **Usos:** Restaurante, Hotel, Decora\u00e7\u00e3o de Casa<br \/>\n&#8211; **Caracter\u00edsticas:** Isolamento t\u00e9rmico, antiderrapante<\/p>\n<p>**Descri\u00e7\u00e3o em Portugu\u00eas:**<\/p>\n<p>Conjunto de 4\/6 Jogos Americanos Redondos de PVC, imperme\u00e1veis e \u00e0 prova de \u00f3leo, da S\u00e9rie Bronzing. Ideal para isolamento t\u00e9rmico em restaurantes, hot\u00e9is e como decora\u00e7\u00e3o de casa, com design antiderrapante.<\/p>\n<p>&nbsp;<\/p>\n<p><img decoding=\"async\" src=\"https:\/\/ae01.alicdn.com\/kf\/S6e5e30d15f4a4ba8adebedec7897f8dbg.jpg\" \/><img decoding=\"async\" src=\"https:\/\/ae01.alicdn.com\/kf\/S295c5726f8a24b5f86181beeb108bee5y.jpg\" \/><img decoding=\"async\" src=\"https:\/\/ae01.alicdn.com\/kf\/S3641401c77e44e328d46e2b1543538a6v.jpg\" \/><img decoding=\"async\" src=\"https:\/\/ae01.alicdn.com\/kf\/Sb178b7cc1b0441d884ba53b4cf598e29u.jpg\" \/><img decoding=\"async\" src=\"https:\/\/ae01.alicdn.com\/kf\/S1b15bb416ab0406faadf0791ff007951S.jpg\" \/><img decoding=\"async\" src=\"https:\/\/ae01.alicdn.com\/kf\/Se5cbb0e58bfe4e0296eaf3b7edc6cd735.jpg\" \/><img decoding=\"async\" src=\"https:\/\/ae01.alicdn.com\/kf\/S5aad94ddc39343c4871ab0ed4bda1722C.jpg\" \/><\/p>\n<p>&nbsp;<\/p>\n<p>&nbsp;<\/p>\n<p>&nbsp;<\/p>\n","protected":false},"excerpt":{"rendered":"<p>**Especifica\u00e7\u00f5es:** &#8211; **Marca:** RONLOOL &#8211; **Estilo:** Europeu &#8211; **Origem:** China Continental &#8211; **CN:** Guangdong &#8211; **Material:** Pl\u00e1stico &#8211; **Formato:** Irregular &#8211; **Tipo de Decora\u00e7\u00e3o de Mesa e Acess\u00f3rios:** Jogos Americanos e Almofadas &#8211; **Uso 1:** Jogos Americanos &#8211; **Uso 2:** Tapete de Refei\u00e7\u00e3o Isolado &#8211; **Uso 3:** Decora\u00e7\u00e3o de Casa &#8211; **Op\u00e7\u00e3o:** Sim &nbsp; **Conjunto [&hellip;]<\/p>\n","protected":false},"featured_media":1031,"template":"","meta":[],"product_brand":[],"product_cat":[31,65,53],"product_tag":[],"class_list":{"0":"post-1032","1":"product","2":"type-product","3":"status-publish","4":"has-post-thumbnail","6":"product_cat-cozinha","7":"product_cat-destaque-principal","8":"product_cat-utensilios","10":"first","11":"instock","12":"taxable","13":"shipping-taxable","14":"purchasable","15":"product-type-variable"},"_links":{"self":[{"href":"https:\/\/fabricadanet.com.br\/chateau\/wp-json\/wp\/v2\/product\/1032","targetHints":{"allow":["GET"]}}],"collection":[{"href":"https:\/\/fabricadanet.com.br\/chateau\/wp-json\/wp\/v2\/product"}],"about":[{"href":"https:\/\/fabricadanet.com.br\/chateau\/wp-json\/wp\/v2\/types\/product"}],"wp:featuredmedia":[{"embeddable":true,"href":"https:\/\/fabricadanet.com.br\/chateau\/wp-json\/wp\/v2\/media\/1031"}],"wp:attachment":[{"href":"https:\/\/fabricadanet.com.br\/chateau\/wp-json\/wp\/v2\/media?parent=1032"}],"wp:term":[{"taxonomy":"product_brand","embeddable":true,"href":"https:\/\/fabricadanet.com.br\/chateau\/wp-json\/wp\/v2\/product_brand?post=1032"},{"taxonomy":"product_cat","embeddable":true,"href":"https:\/\/fabricadanet.com.br\/chateau\/wp-json\/wp\/v2\/product_cat?post=1032"},{"taxonomy":"product_tag","embeddable":true,"href":"https:\/\/fabricadanet.com.br\/chateau\/wp-json\/wp\/v2\/product_tag?post=1032"}],"curies":[{"name":"wp","href":"https:\/\/api.w.org\/{rel}","templated":true}]}}