{"id":1059,"date":"2024-05-17T00:02:25","date_gmt":"2024-05-17T03:02:25","guid":{"rendered":"https:\/\/holdjersshome.com\/product\/pote-de-alimento-de-vidro\/"},"modified":"2024-06-17T15:38:24","modified_gmt":"2024-06-17T19:38:24","slug":"pote-de-alimento-de-vidro","status":"publish","type":"product","link":"https:\/\/fabricadanet.com.br\/chateau\/product\/pote-de-alimento-de-vidro\/","title":{"rendered":"Glass food jar"},"content":{"rendered":"<p>**Specifications:**<\/p>\n<p>&#8211; **Brand Name:** PGY<br \/>\n&#8211; **Origin:** Mainland China<br \/>\n&#8211; **Feature:** Eco-Friendly<br \/>\n&#8211; **Applicable Stove:** Gas \u200b\u200bStove<br \/>\n&#8211; **Material:** Glass<br \/>\n&#8211; **Sheet Size:** 16cm<br \/>\n&#8211; **Type:** Soup and Stock Pots<br \/>\n&#8211; **Capacity:** 150ml, 300ml, 450ml<br \/>\n&#8211; **Product Category:** Soup Pot<br \/>\n&#8211; **Applicable Stove:** Gas \u200b\u200bStove<br \/>\n&#8211; **Material:** Borosilicate<br \/>\n&#8211; **Features:** Non-stick Pan<br \/>\n&#8211; **Color:** Transparent<br \/>\n&#8211; **Pot Bottom Material:** Composite Multilayer Bottom<br \/>\n&#8211; **Packaging:** Paper Box<br \/>\n&#8211; **Lid Type:** Glass<br \/>\n&#8211; **Product Quality Level:** Superior Product<br \/>\n&#8211; **Function:** Isolation<br \/>\n&#8211; **Style: leisure<br \/>\n&#8211;<br \/>\n**Main Sales Areas:** Europe<\/p>\n<p>This PGY soup pot is eco-friendly and suitable for gas stoves, made of borosilicate glass. Available in sizes of 150ml, 300ml and 450ml. It has a multi-layer composite bottom and glass lid. Ideal for insulation and is popular in Europe.<\/p>\n<p>&nbsp;<\/p>\n<p>&nbsp;<\/p>\n<p>&nbsp;<\/p>\n<p>&nbsp;<\/p>\n<p>&nbsp;<\/p>\n<p><img decoding=\"async\" src=\"https:\/\/ae01.alicdn.com\/kf\/S76ee279fda7d45968ce44bde765c92ebu.jpg?width=790&amp;height=1038&amp;hash=1828\" \/><\/p>\n<p><strong>**Material do Produto:** Vidro de borossilicato de alta qualidade<br \/>\n**Caracter\u00edsticas do Produto:** Resist\u00eancia a altas temperaturas \/ Varia\u00e7\u00e3o entre quente e frio<br \/>\n**\u00c2mbito de Aplica\u00e7\u00e3o:** Fog\u00e3o el\u00e9trico de cer\u00e2mica \/ Fogo aberto \/ Congelamento \/ Forno de micro-ondas<\/strong><\/p>\n<p><img decoding=\"async\" src=\"https:\/\/ae01.alicdn.com\/kf\/S45aef552735f43fca80205bcadb2972aR.jpg?width=790&amp;height=621&amp;hash=1411\" alt=\"undefined\" \/><\/p>\n<p><img decoding=\"async\" src=\"https:\/\/ae01.alicdn.com\/kf\/S9a4df4bebc484a5383cc53dd89b94ac47.jpg?width=790&amp;height=880&amp;hash=1670\" \/><img decoding=\"async\" src=\"https:\/\/ae01.alicdn.com\/kf\/Sf1c806c2fed8464ab1cdbffd3cf439a9J.jpg?width=790&amp;height=1185&amp;hash=1975\" \/><\/p>\n<p><img decoding=\"async\" src=\"https:\/\/ae01.alicdn.com\/kf\/Sa4268365bd71427b9bd2c92906d99ca0O.jpg?width=790&amp;height=1295&amp;hash=2085\" \/><br \/>\n<img decoding=\"async\" src=\"https:\/\/ae01.alicdn.com\/kf\/Sf1d218542c1b425abcd8761bdee95c34U.jpg?width=790&amp;height=784&amp;hash=1574\" alt=\"undefined\" \/><\/p>\n<p><img decoding=\"async\" src=\"https:\/\/ae01.alicdn.com\/kf\/S1c4eb8e55b1a4446a823126fe1203cb2j.jpg?width=790&amp;height=723&amp;hash=1513\" alt=\"undefined\" \/><\/p>\n<p><img decoding=\"async\" src=\"https:\/\/ae01.alicdn.com\/kf\/Sd01c2d0e79444a18aad38026cbfde71br.jpg?width=790&amp;height=895&amp;hash=1685\" \/><br \/>\n<img decoding=\"async\" src=\"https:\/\/ae01.alicdn.com\/kf\/S27e37409c4ef40758cc65c1abca25426X.jpg?width=790&amp;height=353&amp;hash=1143\" \/><\/p>\n","protected":false},"excerpt":{"rendered":"<p>**Specifications:** &#8211; **Brand Name:** PGY &#8211; **Origin:** Mainland China &#8211; **Feature:** Eco-Friendly &#8211; **Applicable Stove:** Gas \u200b\u200bStove &#8211; **Material:** Glass &#8211; **Sheet Size:** 16cm &#8211; **Type:** Soup and Stock Pots &#8211; **Capacity:** 150ml, 300ml, 450ml &#8211; **Product Category:** Soup Pot &#8211; **Applicable Stove:** Gas \u200b\u200bStove &#8211; **Material:** Borosilicate &#8211; **Features:** Non-stick Pan &#8211; **Color:** Transparent [&hellip;]<\/p>\n","protected":false},"featured_media":1058,"template":"","meta":[],"product_brand":[],"product_cat":[31,53],"product_tag":[],"class_list":{"0":"post-1059","1":"product","2":"type-product","3":"status-publish","4":"has-post-thumbnail","6":"product_cat-cozinha","7":"product_cat-utensilios","9":"first","10":"instock","11":"taxable","12":"shipping-taxable","13":"purchasable","14":"product-type-variable"},"_links":{"self":[{"href":"https:\/\/fabricadanet.com.br\/chateau\/wp-json\/wp\/v2\/product\/1059","targetHints":{"allow":["GET"]}}],"collection":[{"href":"https:\/\/fabricadanet.com.br\/chateau\/wp-json\/wp\/v2\/product"}],"about":[{"href":"https:\/\/fabricadanet.com.br\/chateau\/wp-json\/wp\/v2\/types\/product"}],"wp:featuredmedia":[{"embeddable":true,"href":"https:\/\/fabricadanet.com.br\/chateau\/wp-json\/wp\/v2\/media\/1058"}],"wp:attachment":[{"href":"https:\/\/fabricadanet.com.br\/chateau\/wp-json\/wp\/v2\/media?parent=1059"}],"wp:term":[{"taxonomy":"product_brand","embeddable":true,"href":"https:\/\/fabricadanet.com.br\/chateau\/wp-json\/wp\/v2\/product_brand?post=1059"},{"taxonomy":"product_cat","embeddable":true,"href":"https:\/\/fabricadanet.com.br\/chateau\/wp-json\/wp\/v2\/product_cat?post=1059"},{"taxonomy":"product_tag","embeddable":true,"href":"https:\/\/fabricadanet.com.br\/chateau\/wp-json\/wp\/v2\/product_tag?post=1059"}],"curies":[{"name":"wp","href":"https:\/\/api.w.org\/{rel}","templated":true}]}}