{"id":1692,"date":"2024-07-04T12:35:18","date_gmt":"2024-07-04T16:35:18","guid":{"rendered":"https:\/\/chateauchic.online\/product\/10-20pcs-transparent-strong-self-adhesive-door-wall-hangers-hooks-suction-heavy-load-rack-cup-sucker-for-kitchen-bathroom-office\/"},"modified":"2024-07-04T12:40:10","modified_gmt":"2024-07-04T16:40:10","slug":"10-20pcs-transparent-strong-self-adhesive-door-wall-hangers-hooks-suction-heavy-load-rack-cup-sucker-for-kitchen-bathroom-office","status":"publish","type":"product","link":"https:\/\/fabricadanet.com.br\/chateau\/product\/10-20pcs-transparent-strong-self-adhesive-door-wall-hangers-hooks-suction-heavy-load-rack-cup-sucker-for-kitchen-bathroom-office\/","title":{"rendered":"10\/20Pcs Transparent Strong Self Adhesive Door Wall Hangers Hooks Suction Heavy Load Rack Cup Sucker for Kitchen Bathroom Office"},"content":{"rendered":"<h1>ESPECIFICA\u00c7\u00d5ES<\/h1>\n<p>&nbsp;<\/p>\n<p>Marca: <span style=\"color: #333;\">Nenhum<\/span><\/p>\n<p>Origem: <span style=\"color: #333;\">China Continental<\/span><\/p>\n<p>Material: <span style=\"color: #333;\">PP<\/span><\/p>\n<p>N\u00e3o. de Ganchos: <span style=\"color: #333;\">&gt;10<\/span><\/p>\n<p>material: <span style=\"color: #333;\">PP<\/span><\/p>\n<p>N\u00e3o. de ganchos: <span style=\"color: #333;\">20<\/span><\/p>\n<p>use 1: <span style=\"color: #333;\">Ganchos de parede decorativos<\/span><\/p>\n<p>use 2: <span style=\"color: #333;\">Ganchos de parede de metal<\/span><\/p>\n<p>use 3: <span style=\"color: #333;\">Toalha Clothes Key Organizer<\/span><\/p>\n<p>use 4: <span style=\"color: #333;\">Acess\u00f3rios para quarto<\/span><\/p>\n<p>Uso 5: <span style=\"color: #333;\">Cozinha Banheiro<\/span><\/p>\n<p>Carga m\u00e1xima: <span style=\"color: #333;\">10KG<\/span><\/p>\n<p>Escolha: <span style=\"color: #333;\">sim<\/span><\/p>\n<p>semi_Choice: <span style=\"color: #333;\">sim<\/span><\/p>\n<p>&nbsp;<\/p>\n<div class=\"detailmodule_text\">\n<p class=\"detail-desc-decorate-title\" style=\"font-family: OpenSans; font-size: 20px; font-weight: 900; line-height: 28px; margin-bottom: 12px;\">20pcs transparente forte auto adesivo porta cabides ganchos suc\u00e7\u00e3o carga pesada rack copo para cozinha banheiro escrit\u00f3rio<\/p>\n<\/div>\n<div class=\"detailmodule_text\">\n<p class=\"detail-desc-decorate-title\" style=\"font-family: OpenSans; font-size: 20px; font-weight: 900; line-height: 28px; margin-bottom: 12px;\">Descri\u00e7\u00e3o:<\/p>\n<p class=\"detail-desc-decorate-content\" style=\"font-family: OpenSans; font-size: 14px; font-weight: 300; line-height: 20px; margin-bottom: 12px;\">1. Gancho de a\u00e7o inoxid\u00e1vel, forte e dur\u00e1vel, garantia de qualidade, forte capacidade de rolamento.<br \/>\n2. Nenhum adesivo de tra\u00e7o, conveniente e pr\u00e1tico, pode ser usado ap\u00f3s a secagem com um secador de cabelo.<br \/>\n3. Pequeno e leve, pode ser pendurado na parede, atr\u00e1s da porta, economizar espa\u00e7o, f\u00e1cil de usar.<br \/>\n4. Placa inferior do PVC, cor transparente, textura fosca, bonita e elegante.<br \/>\n5. Conveniente para pendurar esp\u00e1tula, pano, etc., drenando a \u00e1gua rapidamente.<\/p>\n<\/div>\n<div class=\"detailmodule_text\">\n<p class=\"detail-desc-decorate-title\" style=\"font-family: OpenSans; font-size: 20px; font-weight: 900; line-height: 28px; margin-bottom: 12px;\">Especifica\u00e7\u00e3o:<\/p>\n<p class=\"detail-desc-decorate-content\" style=\"font-family: OpenSans; font-size: 14px; font-weight: 300; line-height: 20px; margin-bottom: 12px;\">Material: PVC + a\u00e7o inoxid\u00e1vel<br \/>\nTamanho: 6*6cm<br \/>\nCor: Quantidade transparente<br \/>\n: 20pcs<br \/>\nCarga m\u00e1xima: 10KG<\/p>\n<\/div>\n<div class=\"detailmodule_text\">\n<p class=\"detail-desc-decorate-title\" style=\"font-family: OpenSans; font-size: 20px; font-weight: 900; line-height: 28px; margin-bottom: 12px;\">Inclu\u00eddo no Pacote:<\/p>\n<p class=\"detail-desc-decorate-content\" style=\"font-family: OpenSans; font-size: 14px; font-weight: 300; line-height: 20px; margin-bottom: 12px;\">Ganchos 20xSelf Adhesive<\/p>\n<\/div>\n<div class=\"detailmodule_image\"><img decoding=\"async\" class=\"detail-desc-decorate-image\" src=\"https:\/\/ae01.alicdn.com\/kf\/H49c98801bcfd464b8a261ce2d6c8fda72.jpg\" \/><img decoding=\"async\" class=\"detail-desc-decorate-image\" style=\"margin-bottom: 10px;\" src=\"https:\/\/ae01.alicdn.com\/kf\/H4d167a6fe13c4699971b7f996199f21fv.jpg\" \/><img decoding=\"async\" class=\"detail-desc-decorate-image\" src=\"https:\/\/ae01.alicdn.com\/kf\/Hb13527aa479f4c31a90fa1b1909bafcav.jpg\" \/><img decoding=\"async\" class=\"detail-desc-decorate-image\" src=\"https:\/\/ae01.alicdn.com\/kf\/H1eb8ba6ea5d24a11bad1aee63921db26Z.jpg\" \/><img decoding=\"async\" class=\"detail-desc-decorate-image\" src=\"https:\/\/ae01.alicdn.com\/kf\/H03c55a5c3a824faf9fc7030035ca02a1W.png\" \/><img decoding=\"async\" class=\"detail-desc-decorate-image\" src=\"https:\/\/ae01.alicdn.com\/kf\/Hb72e6cb56b7b4dedac253dfb876e2959t.jpg\" \/><img decoding=\"async\" class=\"detail-desc-decorate-image\" src=\"https:\/\/ae01.alicdn.com\/kf\/H533976e699e440ba92c4a129dbef09a5p.jpg\" \/><img decoding=\"async\" class=\"detail-desc-decorate-image\" src=\"https:\/\/ae01.alicdn.com\/kf\/H462790587db741268c58c7e343ff8e60y.jpg\" \/><img decoding=\"async\" class=\"detail-desc-decorate-image\" src=\"https:\/\/ae01.alicdn.com\/kf\/Hfb0bca54e4a343b787667b8bd46ae74f7.jpg\" \/><\/div>\n<div class=\"detailmodule_image\"><img decoding=\"async\" class=\"detail-desc-decorate-image\" src=\"https:\/\/ae01.alicdn.com\/kf\/Ha9ead5fc62ed497eae158415b4dd16eea.jpg\" \/><img decoding=\"async\" class=\"detail-desc-decorate-image\" src=\"https:\/\/ae01.alicdn.com\/kf\/H60dcce247f724bc0a6f9260adfa6c75dv.jpg\" \/><img decoding=\"async\" class=\"detail-desc-decorate-image\" src=\"https:\/\/ae01.alicdn.com\/kf\/H7fab031c2d644974a2547418f037358dF.jpg\" \/><\/div>\n<p>&nbsp;<\/p>\n","protected":false},"excerpt":{"rendered":"<p>ESPECIFICA\u00c7\u00d5ES &nbsp; Marca: Nenhum Origem: China Continental Material: PP N\u00e3o. de Ganchos: &gt;10 material: PP N\u00e3o. de ganchos: 20 use 1: Ganchos de parede decorativos use 2: Ganchos de parede de metal use 3: Toalha Clothes Key Organizer use 4: Acess\u00f3rios para quarto Uso 5: Cozinha Banheiro Carga m\u00e1xima: 10KG Escolha: sim semi_Choice: sim &nbsp; [&hellip;]<\/p>\n","protected":false},"featured_media":1684,"template":"","meta":[],"product_brand":[],"product_cat":[31,65],"product_tag":[],"class_list":{"0":"post-1692","1":"product","2":"type-product","3":"status-publish","4":"has-post-thumbnail","6":"product_cat-cozinha","7":"product_cat-destaque-principal","9":"first","10":"instock","11":"taxable","12":"shipping-taxable","13":"purchasable","14":"product-type-variable"},"_links":{"self":[{"href":"https:\/\/fabricadanet.com.br\/chateau\/wp-json\/wp\/v2\/product\/1692","targetHints":{"allow":["GET"]}}],"collection":[{"href":"https:\/\/fabricadanet.com.br\/chateau\/wp-json\/wp\/v2\/product"}],"about":[{"href":"https:\/\/fabricadanet.com.br\/chateau\/wp-json\/wp\/v2\/types\/product"}],"wp:featuredmedia":[{"embeddable":true,"href":"https:\/\/fabricadanet.com.br\/chateau\/wp-json\/wp\/v2\/media\/1684"}],"wp:attachment":[{"href":"https:\/\/fabricadanet.com.br\/chateau\/wp-json\/wp\/v2\/media?parent=1692"}],"wp:term":[{"taxonomy":"product_brand","embeddable":true,"href":"https:\/\/fabricadanet.com.br\/chateau\/wp-json\/wp\/v2\/product_brand?post=1692"},{"taxonomy":"product_cat","embeddable":true,"href":"https:\/\/fabricadanet.com.br\/chateau\/wp-json\/wp\/v2\/product_cat?post=1692"},{"taxonomy":"product_tag","embeddable":true,"href":"https:\/\/fabricadanet.com.br\/chateau\/wp-json\/wp\/v2\/product_tag?post=1692"}],"curies":[{"name":"wp","href":"https:\/\/api.w.org\/{rel}","templated":true}]}}