{"id":718,"date":"2024-05-16T18:53:42","date_gmt":"2024-05-16T21:53:42","guid":{"rendered":"https:\/\/holdjersshome.com\/product\/lustre-led-residencial-tres-cores\/"},"modified":"2024-06-18T23:58:57","modified_gmt":"2024-06-19T03:58:57","slug":"lustre-led-residencial-tres-cores","status":"publish","type":"product","link":"https:\/\/fabricadanet.com.br\/chateau\/product\/lustre-led-residencial-tres-cores\/","title":{"rendered":"Three Color Residential LED Chandelier"},"content":{"rendered":"<p>Specification<\/p>\n<p>Power Source: AC<\/p>\n<p>Item Type: Ceiling Lights<\/p>\n<p>Certification: CE<\/p>\n<p>Brand Name: TALUTULA<\/p>\n<p>Voltage: 220V<\/p>\n<p>Style: Contemporary<\/p>\n<p>Lighting Area: 15-30 square meters<\/p>\n<p>Technique: Hot Bending<\/p>\n<p>Material: Metal<\/p>\n<p>Application: Dining Room, Bedroom, Hall, Study<\/p>\n<p>Usage: Daily Lighting<\/p>\n<p>Color: Ivory<br \/>\nSmart Device: No<\/p>\n<p>Adjustable: Yes<\/p>\n<p>Origin: Mainland China<\/p>\n<p>Light Source: LED Lamps<\/p>\n<p>Bulbs Included: No<\/p>\n<p>Installation Style: Surface Mount<\/p>\n<p>Finish: Brushed<\/p>\n<p>Choice: Yes<\/p>\n<p>&nbsp;<\/p>\n<p>&#8211; LED Bulbs: Equipped with LED bulbs, this chandelier provides energy-efficient lighting,<br \/>\nimproving the aesthetic appeal of your space.<\/p>\n<p>&#8211; Surface Mounted Installation: The surface mounted design allows for easy installation, making it perfect for quick multi-room installations.<\/p>\n<p>&#8211; Durable Metal Material: Constructed with robust metal, this ceiling light ensures long-term durability and stability, making it<br \/>\nbecome a reliable choice for your lighting needs.<\/p>\n<p>&#8211; Versatile Lighting Area: With a lighting area of \u200b\u200b15-30 square meters, this chandelier is versatile and can provide suitable lighting for various spaces such as bedrooms, dining rooms and study areas.<\/p>\n<p>&#8211; Contemporary Style: Featuring a contemporary style,<br \/>\nThis chandelier adds a modern touch to any room, enhancing its aesthetic appeal.<\/p>\n<p>&#8211; Three Color Options: Available in Ivory, this chandelier offers three color options, allowing you to choose the one that best matches your interior decor.<\/p>\n<p>Specifications:<\/p>\n<p>Material: lamp body (aluminum + paint),<br \/>\nlampshade (translucent soft silicone)<\/p>\n<p>Color Temperature: tricolor light (warm yellow, warm white, white)<\/p>\n<p>Color Rendering Index: \u2265 90<\/p>\n<p>Size:<\/p>\n<p>Clover (9.5\u00d710\u00d724cm)<\/p>\n<p>Double Circle (10\u00d714\u00d724cm)<\/p>\n<p>Power: 25W<\/p>\n<p>Installation Method: internal or external<\/p>\n<p>Illumination Range: 5-12\u33a1<\/p>\n<p>Package Contents:<\/p>\n<p>1 \u00d7 lamp body<br \/>\n1 \u00d7 Placa de Suspens\u00e3o de Instala\u00e7\u00e3o Embutida<\/p>\n<p>1. This product only supports indoor installation and does not have waterproof function.<\/p>\n<p>2. Due to manual measurement of the size, there may be an error range of 1-3cm<\/p>\n<p><img decoding=\"async\" src=\"https:\/\/ae01.alicdn.com\/kf\/Sd5e53b4659564c27a9c24c2c90698a1cR.jpg\" \/><img decoding=\"async\" src=\"https:\/\/ae01.alicdn.com\/kf\/S1d428c6f1afa457dae5f646c25f43d58k.jpg\" \/><img decoding=\"async\" src=\"https:\/\/ae01.alicdn.com\/kf\/S83f016233c60499c9b01b1759389daaeE.jpg\" \/><img decoding=\"async\" src=\"https:\/\/ae01.alicdn.com\/kf\/Sd238fa3c5bf7469698cb0566f8b1e110t.jpg\" \/><img decoding=\"async\" src=\"https:\/\/ae01.alicdn.com\/kf\/S406573c656d243d281fbc7284e511527A.jpg\" \/><img decoding=\"async\" src=\"https:\/\/ae01.alicdn.com\/kf\/Sfe4c0e6636004afdac087f0897426ff0a.jpg\" \/><img decoding=\"async\" src=\"https:\/\/ae01.alicdn.com\/kf\/S8923113564ba441bb35abc7dc6132b44x.jpg\" \/><\/p>\n<p>1. Turn off the electric switch to ensure safety<\/p>\n<p>2. Check whether the line is intact<\/p>\n<p>3. Use tape or clips to connect to the cable on the wall (L positive, N negative)<\/p>\n<p>4. Punch holes in the wall and screw the base bracket to the wall.<\/p>\n<p>5. Adopt three-color high-color energy-saving lamp beads<\/p>\n<p>&nbsp;<\/p>\n<p><strong>Precautions\uff1a<\/strong><\/p>\n<p>Part of the silicone shell may fall off during transportation, please don&#8217;t worry, this is not a product quality problem, you can manually install it back to its original state.<\/p>\n<p><img decoding=\"async\" src=\"https:\/\/ae01.alicdn.com\/kf\/S4311302e58234a1fb32b3ab655324e73Z.jpg\" \/><\/p>\n<p><img decoding=\"async\" src=\"https:\/\/ae01.alicdn.com\/kf\/Se5c276fd1b694e8db9031bfc5f04d10a7.jpg\" \/><\/p>\n","protected":false},"excerpt":{"rendered":"<p>Specification Power Source: AC Item Type: Ceiling Lights Certification: CE Brand Name: TALUTULA Voltage: 220V Style: Contemporary Lighting Area: 15-30 square meters Technique: Hot Bending Material: Metal Application: Dining Room, Bedroom, Hall, Study Usage: Daily Lighting Color: Ivory Smart Device: No Adjustable: Yes Origin: Mainland China Light Source: LED Lamps Bulbs Included: No Installation Style: [&hellip;]<\/p>\n","protected":false},"featured_media":717,"template":"","meta":[],"product_brand":[],"product_cat":[51,52,21,32],"product_tag":[],"class_list":{"0":"post-718","1":"product","2":"type-product","3":"status-publish","4":"has-post-thumbnail","6":"product_cat-luminaria","7":"product_cat-luminaria-sala","8":"product_cat-sala","9":"product_cat-quarto","11":"first","12":"instock","13":"taxable","14":"shipping-taxable","15":"purchasable","16":"product-type-variable"},"_links":{"self":[{"href":"https:\/\/fabricadanet.com.br\/chateau\/wp-json\/wp\/v2\/product\/718","targetHints":{"allow":["GET"]}}],"collection":[{"href":"https:\/\/fabricadanet.com.br\/chateau\/wp-json\/wp\/v2\/product"}],"about":[{"href":"https:\/\/fabricadanet.com.br\/chateau\/wp-json\/wp\/v2\/types\/product"}],"wp:featuredmedia":[{"embeddable":true,"href":"https:\/\/fabricadanet.com.br\/chateau\/wp-json\/wp\/v2\/media\/717"}],"wp:attachment":[{"href":"https:\/\/fabricadanet.com.br\/chateau\/wp-json\/wp\/v2\/media?parent=718"}],"wp:term":[{"taxonomy":"product_brand","embeddable":true,"href":"https:\/\/fabricadanet.com.br\/chateau\/wp-json\/wp\/v2\/product_brand?post=718"},{"taxonomy":"product_cat","embeddable":true,"href":"https:\/\/fabricadanet.com.br\/chateau\/wp-json\/wp\/v2\/product_cat?post=718"},{"taxonomy":"product_tag","embeddable":true,"href":"https:\/\/fabricadanet.com.br\/chateau\/wp-json\/wp\/v2\/product_tag?post=718"}],"curies":[{"name":"wp","href":"https:\/\/api.w.org\/{rel}","templated":true}]}}