{"id":780,"date":"2024-05-16T19:57:54","date_gmt":"2024-05-16T22:57:54","guid":{"rendered":"https:\/\/holdjersshome.com\/product\/chaleira-de-vidro-resistente-ao-calor-com-filtro-de-cha-de-aco-inoxidavel\/"},"modified":"2024-06-19T00:00:51","modified_gmt":"2024-06-19T04:00:51","slug":"chaleira-de-vidro-resistente-ao-calor-com-filtro-de-cha-de-aco-inoxidavel","status":"publish","type":"product","link":"https:\/\/fabricadanet.com.br\/chateau\/product\/chaleira-de-vidro-resistente-ao-calor-com-filtro-de-cha-de-aco-inoxidavel\/","title":{"rendered":"Heat Resistant Glass Kettle with Stainless Steel Tea Filter"},"content":{"rendered":"<p>Specifications<\/p>\n<p>Brand Name: NoEnName_Null<\/p>\n<p>Material: Glass<\/p>\n<p>Capacity: 801-900ml<\/p>\n<p>Origin: Mainland China<\/p>\n<p>Choice: Yes<\/p>\n<p>&nbsp;<\/p>\n<p>Chinese Kungfu Tea<\/p>\n<p><img decoding=\"async\" src=\"https:\/\/ae01.alicdn.com\/kf\/Sd0ab38b507b54b41b89e7f032a7a05a45.jpg\" \/><img decoding=\"async\" src=\"https:\/\/ae01.alicdn.com\/kf\/S77f7bf753f234ee7ac66f569d2a525bbu.jpg\" \/><img decoding=\"async\" src=\"https:\/\/ae01.alicdn.com\/kf\/Sc41ce2816420443f92e8f11b9d14373dR.jpg\" \/><img decoding=\"async\" src=\"https:\/\/ae01.alicdn.com\/kf\/Sab90617cdb504a6cb3130aaa79962402h.jpg\" \/><img decoding=\"async\" src=\"https:\/\/ae01.alicdn.com\/kf\/S330aa226acab4dcab2a8e27e7e813990q.jpg\" \/><img decoding=\"async\" src=\"https:\/\/ae01.alicdn.com\/kf\/S910c865348f840d1a316dc8c1ea65efda.jpg\" \/><img decoding=\"async\" src=\"https:\/\/ae01.alicdn.com\/kf\/Scc9a852abf474a0cbf8f14758e024d0b6.jpg\" \/><img decoding=\"async\" src=\"https:\/\/ae01.alicdn.com\/kf\/Sd66cf03ac9da4561ab67f92d93c68dea7.jpg\" \/><img decoding=\"async\" src=\"https:\/\/ae01.alicdn.com\/kf\/S94795de9756546bfaa4c1f3c6227f259i.jpg\" \/><img decoding=\"async\" src=\"https:\/\/ae01.alicdn.com\/kf\/S825165a8259f435f9f5f071ffb742d85v.jpg\" \/><img decoding=\"async\" src=\"https:\/\/ae01.alicdn.com\/kf\/S134575d4dd4444bf97373bc4ae232397G.jpg\" \/><img decoding=\"async\" src=\"https:\/\/ae01.alicdn.com\/kf\/S626e07bcb716437785dc0b18af8587f9G.jpg\" \/><img decoding=\"async\" src=\"https:\/\/ae01.alicdn.com\/kf\/S86e74921dc6f42e2ac06c6fdfbeefe23o.jpg\" \/><\/p>\n<p>&nbsp;<\/p>\n<p>&nbsp;<\/p>\n<p>&nbsp;<\/p>\n<p><strong>Os benef\u00edcios de beber ch\u00e1:<\/strong><\/p>\n<p><strong>1. Como todos sabemos, o ch\u00e1 pode refrescar. Sempre que estamos cansados, beber uma x\u00edcara de ch\u00e1 muitas vezes nos anima. Isso ocorre porque o elemento do ch\u00e1 e o tanino do ch\u00e1 contidos no ch\u00e1 podem estimular o sistema nervoso central, promover o metabolismo do corpo, acelerar a circula\u00e7\u00e3o sangu\u00ednea e eliminar a fadiga f\u00edsica.<\/strong><\/p>\n<p><strong>2. O ch\u00e1 tamb\u00e9m pode desintoxicar o tabaco. O ch\u00e1 \u00e9 o ingrediente no a\u00e7\u00facar para cessa\u00e7\u00e3o do tabagismo geralmente encontrado no mercado. Isso ocorre porque algumas subst\u00e2ncias no ch\u00e1 podem precipitar a nicotina, que \u00e9 excretada junto com a urina.<\/strong><\/p>\n<p><strong>3. Beber ch\u00e1 pode reduzir o peso e hidratar a pele. Cafe\u00edna, \u00e1cido f\u00f3lico, inositol e outras subst\u00e2ncias no ch\u00e1 podem aumentar a secre\u00e7\u00e3o do suco g\u00e1strico, regular o metabolismo das gorduras e reduzir os lip\u00eddios e o colesterol no sangue. Portanto, devido \u00e0s muitas vantagens do ch\u00e1, h\u00e1 cada vez mais tipos de bebidas de ch\u00e1 no mercado.<\/strong><\/p>\n<p><strong>4. Beber ch\u00e1 pode prevenir c\u00e1ries e c\u00e1rie dent\u00e1ria. Na vida di\u00e1ria, especialmente as crian\u00e7as, elas fermentar\u00e3o os res\u00edduos de alimentos deixados na boca, produzir\u00e3o \u00e1cidos, corroer\u00e3o o esmalte e formar\u00e3o cavidades. O ch\u00e1 cont\u00e9m fl\u00faor, que pode se combinar com a calcifica\u00e7\u00e3o nos dentes para formar um tipo de &#8220;fluoroapatita&#8221; que \u00e9 dif\u00edcil de se dissolver em \u00e1cido, o que equivale a adicionar uma camada protetora aos dentes, protegendo-os e prevenindo c\u00e1ries.<\/strong><\/p>\n","protected":false},"excerpt":{"rendered":"<p>Specifications Brand Name: NoEnName_Null Material: Glass Capacity: 801-900ml Origin: Mainland China Choice: Yes &nbsp; Chinese Kungfu Tea &nbsp; &nbsp; &nbsp; Os benef\u00edcios de beber ch\u00e1: 1. Como todos sabemos, o ch\u00e1 pode refrescar. Sempre que estamos cansados, beber uma x\u00edcara de ch\u00e1 muitas vezes nos anima. Isso ocorre porque o elemento do ch\u00e1 e o [&hellip;]<\/p>\n","protected":false},"featured_media":779,"template":"","meta":[],"product_brand":[],"product_cat":[31,53],"product_tag":[],"class_list":{"0":"post-780","1":"product","2":"type-product","3":"status-publish","4":"has-post-thumbnail","6":"product_cat-cozinha","7":"product_cat-utensilios","9":"first","10":"instock","11":"taxable","12":"shipping-taxable","13":"purchasable","14":"product-type-variable"},"_links":{"self":[{"href":"https:\/\/fabricadanet.com.br\/chateau\/wp-json\/wp\/v2\/product\/780","targetHints":{"allow":["GET"]}}],"collection":[{"href":"https:\/\/fabricadanet.com.br\/chateau\/wp-json\/wp\/v2\/product"}],"about":[{"href":"https:\/\/fabricadanet.com.br\/chateau\/wp-json\/wp\/v2\/types\/product"}],"wp:featuredmedia":[{"embeddable":true,"href":"https:\/\/fabricadanet.com.br\/chateau\/wp-json\/wp\/v2\/media\/779"}],"wp:attachment":[{"href":"https:\/\/fabricadanet.com.br\/chateau\/wp-json\/wp\/v2\/media?parent=780"}],"wp:term":[{"taxonomy":"product_brand","embeddable":true,"href":"https:\/\/fabricadanet.com.br\/chateau\/wp-json\/wp\/v2\/product_brand?post=780"},{"taxonomy":"product_cat","embeddable":true,"href":"https:\/\/fabricadanet.com.br\/chateau\/wp-json\/wp\/v2\/product_cat?post=780"},{"taxonomy":"product_tag","embeddable":true,"href":"https:\/\/fabricadanet.com.br\/chateau\/wp-json\/wp\/v2\/product_tag?post=780"}],"curies":[{"name":"wp","href":"https:\/\/api.w.org\/{rel}","templated":true}]}}