{"id":895,"date":"2024-05-16T21:42:20","date_gmt":"2024-05-17T00:42:20","guid":{"rendered":"https:\/\/holdjersshome.com\/product\/conjunto-de-esfregao-rotativo-automatico-com-3-pecas\/"},"modified":"2024-06-19T00:33:13","modified_gmt":"2024-06-19T04:33:13","slug":"conjunto-de-esfregao-rotativo-automatico-com-3-pecas","status":"publish","type":"product","link":"https:\/\/fabricadanet.com.br\/chateau\/product\/conjunto-de-esfregao-rotativo-automatico-com-3-pecas\/","title":{"rendered":"3-Piece Automatic Rotating Mop Set"},"content":{"rendered":"<p>Specifications<\/p>\n<p>Brand Name: NoEnName_Null<\/p>\n<p>Material: Microfiber Fabric<\/p>\n<p>Type: Cloth Cover Type<\/p>\n<p>Origin: Mainland China<\/p>\n<p>CN:Guangdong<\/p>\n<p>Choice: Yes<\/p>\n<p>&nbsp;<\/p>\n<p><img decoding=\"async\" src=\"https:\/\/ae01.alicdn.com\/kf\/Sc6f9833a96c945c2bcd32e232decab1dr.jpg\" \/><\/p>\n<p>Material: Tecido de Microfibra<br \/>\nTipo: Conjuntos de Esfreg\u00f5es e Baldes<br \/>\nTipo de Haste do Esfreg\u00e3o: Haste Geral + Bandeja em A\u00e7o Inoxid\u00e1vel<br \/>\nQuantidade de Cabe\u00e7as de Esfreg\u00e3o: 1<\/p>\n<p>Embalagem:<br \/>\n1 * Esfreg\u00e3o<br \/>\n1 * Balde de Esfreg\u00e3o<br \/>\nTipo de Cabo: Limpeza<\/p>\n<p>Tamanho da Embalagem: 46*26*23cm<br \/>\nPeso: 2240g<\/p>\n<p><img decoding=\"async\" src=\"https:\/\/ae01.alicdn.com\/kf\/S3c2b9b9ed3954aee9248c9aea27e594fH.jpg\" \/><br \/>\n<img decoding=\"async\" src=\"https:\/\/ae01.alicdn.com\/kf\/S4e56260a03d341c49053a9cf0b852acdb.jpg\" \/><br \/>\n<img decoding=\"async\" src=\"https:\/\/ae01.alicdn.com\/kf\/S5b397b0d153246b0afde2f6b17aaac70n.jpg\" \/><br \/>\n<img decoding=\"async\" src=\"https:\/\/ae01.alicdn.com\/kf\/S016fe993bf544dd5a394c00027ce2742K.jpg\" \/><br \/>\n<img decoding=\"async\" src=\"https:\/\/ae01.alicdn.com\/kf\/S1666851ebc4545f99697a2d7571e58844.jpg\" \/><br \/>\n<img decoding=\"async\" src=\"https:\/\/ae01.alicdn.com\/kf\/S2658e6053b6a494a95ef71194c446d7ec.jpg\" \/><br \/>\n<img decoding=\"async\" src=\"https:\/\/ae01.alicdn.com\/kf\/S3bf8474052a140ebadc93ce5ba807000R.jpg\" \/><br \/>\n<img decoding=\"async\" src=\"https:\/\/ae01.alicdn.com\/kf\/S3dc71f335e8945dbacfabb6832b67a6fL.jpg\" \/><br \/>\n<img decoding=\"async\" src=\"https:\/\/ae01.alicdn.com\/kf\/S475b96558e5e42839a416594adf8d582L.jpg\" \/><br \/>\n<img decoding=\"async\" src=\"https:\/\/ae01.alicdn.com\/kf\/Sfd730890cbcc4bcab1c6cb73d0a39598p.jpg\" \/><br \/>\n<img decoding=\"async\" src=\"https:\/\/ae01.alicdn.com\/kf\/Scbe0ea0ec7e1477da110994daa8d5d7aJ.jpg\" \/><br \/>\n<img decoding=\"async\" src=\"https:\/\/ae01.alicdn.com\/kf\/Sc6f9833a96c945c2bcd32e232decab1dr.jpg\" \/><br \/>\n<img decoding=\"async\" src=\"https:\/\/ae01.alicdn.com\/kf\/S3c2b9b9ed3954aee9248c9aea27e594fH.jpg\" \/><br \/>\n<img decoding=\"async\" src=\"https:\/\/ae01.alicdn.com\/kf\/S4e56260a03d341c49053a9cf0b852acdb.jpg\" \/><br \/>\n<img decoding=\"async\" src=\"https:\/\/ae01.alicdn.com\/kf\/S5b397b0d153246b0afde2f6b17aaac70n.jpg\" \/><br \/>\n<img decoding=\"async\" src=\"https:\/\/ae01.alicdn.com\/kf\/S016fe993bf544dd5a394c00027ce2742K.jpg\" \/><br \/>\n<img decoding=\"async\" src=\"https:\/\/ae01.alicdn.com\/kf\/S1666851ebc4545f99697a2d7571e58844.jpg\" \/><br \/>\n<img decoding=\"async\" src=\"https:\/\/ae01.alicdn.com\/kf\/S2658e6053b6a494a95ef71194c446d7ec.jpg\" \/><br \/>\n<img decoding=\"async\" src=\"https:\/\/ae01.alicdn.com\/kf\/S3bf8474052a140ebadc93ce5ba807000R.jpg\" \/><br \/>\n<img decoding=\"async\" src=\"https:\/\/ae01.alicdn.com\/kf\/S3dc71f335e8945dbacfabb6832b67a6fL.jpg\" \/><br \/>\n<img decoding=\"async\" src=\"https:\/\/ae01.alicdn.com\/kf\/S475b96558e5e42839a416594adf8d582L.jpg\" \/><br \/>\n<img decoding=\"async\" src=\"https:\/\/ae01.alicdn.com\/kf\/Sfd730890cbcc4bcab1c6cb73d0a39598p.jpg\" \/><br \/>\n<img decoding=\"async\" src=\"https:\/\/ae01.alicdn.com\/kf\/Scbe0ea0ec7e1477da110994daa8d5d7aJ.jpg\" \/><\/p>\n","protected":false},"excerpt":{"rendered":"<p>Specifications Brand Name: NoEnName_Null Material: Microfiber Fabric Type: Cloth Cover Type Origin: Mainland China CN:Guangdong Choice: Yes &nbsp; Material: Tecido de Microfibra Tipo: Conjuntos de Esfreg\u00f5es e Baldes Tipo de Haste do Esfreg\u00e3o: Haste Geral + Bandeja em A\u00e7o Inoxid\u00e1vel Quantidade de Cabe\u00e7as de Esfreg\u00e3o: 1 Embalagem: 1 * Esfreg\u00e3o 1 * Balde de Esfreg\u00e3o [&hellip;]<\/p>\n","protected":false},"featured_media":894,"template":"","meta":[],"product_brand":[],"product_cat":[57,65,16],"product_tag":[],"class_list":{"0":"post-895","1":"product","2":"type-product","3":"status-publish","4":"has-post-thumbnail","6":"product_cat-limpeza","7":"product_cat-destaque-principal","8":"product_cat-uncategorized","10":"first","11":"instock","12":"taxable","13":"shipping-taxable","14":"purchasable","15":"product-type-variable"},"_links":{"self":[{"href":"https:\/\/fabricadanet.com.br\/chateau\/wp-json\/wp\/v2\/product\/895","targetHints":{"allow":["GET"]}}],"collection":[{"href":"https:\/\/fabricadanet.com.br\/chateau\/wp-json\/wp\/v2\/product"}],"about":[{"href":"https:\/\/fabricadanet.com.br\/chateau\/wp-json\/wp\/v2\/types\/product"}],"wp:featuredmedia":[{"embeddable":true,"href":"https:\/\/fabricadanet.com.br\/chateau\/wp-json\/wp\/v2\/media\/894"}],"wp:attachment":[{"href":"https:\/\/fabricadanet.com.br\/chateau\/wp-json\/wp\/v2\/media?parent=895"}],"wp:term":[{"taxonomy":"product_brand","embeddable":true,"href":"https:\/\/fabricadanet.com.br\/chateau\/wp-json\/wp\/v2\/product_brand?post=895"},{"taxonomy":"product_cat","embeddable":true,"href":"https:\/\/fabricadanet.com.br\/chateau\/wp-json\/wp\/v2\/product_cat?post=895"},{"taxonomy":"product_tag","embeddable":true,"href":"https:\/\/fabricadanet.com.br\/chateau\/wp-json\/wp\/v2\/product_tag?post=895"}],"curies":[{"name":"wp","href":"https:\/\/api.w.org\/{rel}","templated":true}]}}